{"id":3590,"date":"2023-07-10T14:56:50","date_gmt":"2023-07-10T14:56:50","guid":{"rendered":"https:\/\/sorgato.com.br\/novosite\/?post_type=product&#038;p=3590"},"modified":"2023-09-23T21:32:40","modified_gmt":"2023-09-23T21:32:40","slug":"s120001-bloco-de-anotacoes-ecologico-aspiral","status":"publish","type":"product","link":"https:\/\/sorgato.com.br\/novosite\/produto\/s120001-bloco-de-anotacoes-ecologico-aspiral\/","title":{"rendered":"S12000 &#8211; BLOCO DE ANOTA\u00c7\u00d5ES ECOL\u00d3GICO"},"content":{"rendered":"<div class=\"desc\">\n<div class=\"desc\">\n<p class=\"desc-tit\"><span class=\"desc-sub my-desc-sub\">Bloco de anota\u00e7\u00e3o ecol\u00f3gico com s\u00edmbolo reciclado na capa, acompanha as folhas: vermelha, amarela, laranja, azul, verde e preto, possibilitando deixar a cor desejada como fundo do logo reciclado. Possui aproximadamente 70 folhas brancas pautadas com logo reciclado na lateral inferior das folhas, possui tamb\u00e9m el\u00e1stico suporte para caneta. N\u00e3o acompanha caneta.<\/span><\/p>\n<\/div>\n<div class=\"desc\">\n<p class=\"desc-tit\">Altura<span class=\"desc-sub\">\u00a0:\u00a0 18 cm<\/span><\/p>\n<\/div>\n<div class=\"desc\">\n<p class=\"desc-tit\">Largura<span class=\"desc-sub\">\u00a0:\u00a0 15 cm<\/span><\/p>\n<\/div>\n<div class=\"desc\">\n<p class=\"desc-tit\">Medidas aproximadas para grava\u00e7\u00e3o<span class=\"desc-sub\">\u00a0(CxL):\u00a0 9,5 cm x 11,5 cm<\/span><\/p>\n<\/div>\n<div class=\"desc\">\n<p class=\"desc-tit\">Peso aproximado<span class=\"desc-sub\">\u00a0(g):\u00a0 163<\/span><\/p>\n<p>Cores: amarelo, vermelho, azul, verde, laranja e preto.<\/p>\n<\/div>\n<\/div>\n","protected":false},"excerpt":{"rendered":"<p>Bloco de anota\u00e7\u00e3o ecol\u00f3gico com s\u00edmbolo reciclado na capa, acompanha as folhas: vermelha, amarela, laranja, azul, verde e preto, possibilitando deixar a cor desejada como fundo do logo reciclado. Possui aproximadamente 70 folhas brancas pautadas com logo reciclado na lateral inferior das folhas, possui tamb\u00e9m el\u00e1stico suporte para caneta. N\u00e3o acompanha caneta. Altura\u00a0:\u00a0 18 cm&#8230;<\/p>\n","protected":false},"featured_media":3591,"comment_status":"open","ping_status":"closed","template":"","meta":{"_kadence_starter_templates_imported_post":false,"_kad_post_transparent":"default","_kad_post_title":"","_kad_post_layout":"default","_kad_post_sidebar_id":"","_kad_post_content_style":"default","_kad_post_vertical_padding":"default","_kad_post_feature":"","_kad_post_feature_position":"","_kad_post_header":false,"_kad_post_footer":false,"_kad_post_classname":""},"product_brand":[],"product_cat":[30],"product_tag":[],"class_list":{"0":"post-3590","1":"product","2":"type-product","3":"status-publish","4":"has-post-thumbnail","6":"product_cat-escritorio","8":"first","9":"instock","10":"shipping-taxable","11":"product-type-simple","12":"entry","13":"content-bg","14":"loop-entry"},"_links":{"self":[{"href":"https:\/\/sorgato.com.br\/novosite\/wp-json\/wp\/v2\/product\/3590","targetHints":{"allow":["GET"]}}],"collection":[{"href":"https:\/\/sorgato.com.br\/novosite\/wp-json\/wp\/v2\/product"}],"about":[{"href":"https:\/\/sorgato.com.br\/novosite\/wp-json\/wp\/v2\/types\/product"}],"replies":[{"embeddable":true,"href":"https:\/\/sorgato.com.br\/novosite\/wp-json\/wp\/v2\/comments?post=3590"}],"wp:featuredmedia":[{"embeddable":true,"href":"https:\/\/sorgato.com.br\/novosite\/wp-json\/wp\/v2\/media\/3591"}],"wp:attachment":[{"href":"https:\/\/sorgato.com.br\/novosite\/wp-json\/wp\/v2\/media?parent=3590"}],"wp:term":[{"taxonomy":"product_brand","embeddable":true,"href":"https:\/\/sorgato.com.br\/novosite\/wp-json\/wp\/v2\/product_brand?post=3590"},{"taxonomy":"product_cat","embeddable":true,"href":"https:\/\/sorgato.com.br\/novosite\/wp-json\/wp\/v2\/product_cat?post=3590"},{"taxonomy":"product_tag","embeddable":true,"href":"https:\/\/sorgato.com.br\/novosite\/wp-json\/wp\/v2\/product_tag?post=3590"}],"curies":[{"name":"wp","href":"https:\/\/api.w.org\/{rel}","templated":true}]}}