{"id":4192,"date":"2025-01-14T21:22:54","date_gmt":"2025-01-14T21:22:54","guid":{"rendered":"https:\/\/sorgato.com.br\/novosite\/?post_type=product&#038;p=4192"},"modified":"2025-01-14T21:22:54","modified_gmt":"2025-01-14T21:22:54","slug":"s7048b-kit-executivo-ecologico-3-pecas","status":"publish","type":"product","link":"https:\/\/sorgato.com.br\/novosite\/produto\/s7048b-kit-executivo-ecologico-3-pecas\/","title":{"rendered":"S7048B &#8211; KIT EXECUTIVO ECOL\u00d3GICO 3 PE\u00c7AS"},"content":{"rendered":"<div class=\"desc\">\n<p class=\"desc-tit\"><span class=\"desc-sub my-desc-sub\">Kit composto por 3 pe\u00e7as, sendo uma caderneta de bambu com capa dura, contendo aproximadamente 70 folhas brancas pautadas, uma caneta de bambu com clipe met\u00e1lico e um chaveiro de bambu com detalhe em metal. Item perfeito para quem busca eleg\u00e2ncia, sustentabilidade e o toque natural que s\u00f3 o bambu proporciona.<\/span><\/p>\n<p>&nbsp;<\/p>\n<\/div>\n<div class=\"desc\">\n<p class=\"desc-tit\">Largura<span class=\"desc-sub\">\u00a0:\u00a0 19 cm<\/span><\/p>\n<\/div>\n<div class=\"desc\">\n<p class=\"desc-tit\">Espessura<span class=\"desc-sub\">\u00a0:\u00a0 2,3 cm<\/span><\/p>\n<\/div>\n<div class=\"desc\">\n<p class=\"desc-tit\">Comprimento<span class=\"desc-sub\">\u00a0:\u00a0 24,6 cm<\/span><\/p>\n<\/div>\n<div class=\"desc\">\n<p class=\"desc-tit\"><span style=\"font-family: var(--global-body-font-family);\">Peso:<\/span><span class=\"desc-sub\" style=\"font-family: var(--global-body-font-family);\"> 418g<\/span><\/p>\n<\/div>\n","protected":false},"excerpt":{"rendered":"<p>Kit composto por 3 pe\u00e7as, sendo uma caderneta de bambu com capa dura, contendo aproximadamente 70 folhas brancas pautadas, uma caneta de bambu com clipe met\u00e1lico e um chaveiro de bambu com detalhe em metal. Item perfeito para quem busca eleg\u00e2ncia, sustentabilidade e o toque natural que s\u00f3 o bambu proporciona. &nbsp; Largura\u00a0:\u00a0 19 cm&#8230;<\/p>\n","protected":false},"featured_media":4193,"comment_status":"open","ping_status":"closed","template":"","meta":{"_kadence_starter_templates_imported_post":false,"_kad_post_transparent":"default","_kad_post_title":"","_kad_post_layout":"default","_kad_post_sidebar_id":"","_kad_post_content_style":"default","_kad_post_vertical_padding":"default","_kad_post_feature":"","_kad_post_feature_position":"","_kad_post_header":false,"_kad_post_footer":false,"_kad_post_classname":""},"product_brand":[],"product_cat":[30],"product_tag":[],"class_list":{"0":"post-4192","1":"product","2":"type-product","3":"status-publish","4":"has-post-thumbnail","6":"product_cat-escritorio","8":"first","9":"instock","10":"shipping-taxable","11":"product-type-simple","12":"entry","13":"content-bg","14":"loop-entry"},"_links":{"self":[{"href":"https:\/\/sorgato.com.br\/novosite\/wp-json\/wp\/v2\/product\/4192","targetHints":{"allow":["GET"]}}],"collection":[{"href":"https:\/\/sorgato.com.br\/novosite\/wp-json\/wp\/v2\/product"}],"about":[{"href":"https:\/\/sorgato.com.br\/novosite\/wp-json\/wp\/v2\/types\/product"}],"replies":[{"embeddable":true,"href":"https:\/\/sorgato.com.br\/novosite\/wp-json\/wp\/v2\/comments?post=4192"}],"wp:featuredmedia":[{"embeddable":true,"href":"https:\/\/sorgato.com.br\/novosite\/wp-json\/wp\/v2\/media\/4193"}],"wp:attachment":[{"href":"https:\/\/sorgato.com.br\/novosite\/wp-json\/wp\/v2\/media?parent=4192"}],"wp:term":[{"taxonomy":"product_brand","embeddable":true,"href":"https:\/\/sorgato.com.br\/novosite\/wp-json\/wp\/v2\/product_brand?post=4192"},{"taxonomy":"product_cat","embeddable":true,"href":"https:\/\/sorgato.com.br\/novosite\/wp-json\/wp\/v2\/product_cat?post=4192"},{"taxonomy":"product_tag","embeddable":true,"href":"https:\/\/sorgato.com.br\/novosite\/wp-json\/wp\/v2\/product_tag?post=4192"}],"curies":[{"name":"wp","href":"https:\/\/api.w.org\/{rel}","templated":true}]}}